{"id":132,"date":"2022-04-10T20:27:03","date_gmt":"2022-04-10T18:27:03","guid":{"rendered":"https:\/\/stadtnatur-wsf.de\/gw\/?page_id=132"},"modified":"2022-04-13T01:21:42","modified_gmt":"2022-04-12T23:21:42","slug":"wirtschaft-digitalisierung-umweltschutz","status":"publish","type":"page","link":"https:\/\/gunter-walther.de\/index.php\/startseite\/wirtschaft-digitalisierung-umweltschutz\/","title":{"rendered":"Wirtschaft \/ Digitalisierung \/ Umweltschutz"},"content":{"rendered":"\n<p>Alle unsere Wirtschaftszweige h\u00e4ngen direkt von den Ressourcen unserer Umwelt ab. Um unsere Wirtschaftsgrundlage zu erhalten und zus\u00e4tzlich noch Wachstum zu erzeugen, m\u00fcssen wir mit unseren Ressourcen vern\u00fcnftig umgehen. Umweltschutz ist somit ein zwingend notwendiger Teil einer nachhaltigen Wachstumsstrategie.<\/p>\n\n\n\n<ul class=\"wp-block-list\"><li>Sicherung der Wirtschaftsgrundlage unserer angesiedelten Wirtschaftszweige (Nahrungs- und Futtermittel, Chemie, Metall, Maschinenbau, \u2026)<\/li><li>Investorattraktivit\u00e4t steigern<\/li><li>Standortattraktivit\u00e4t steigern durch Ausbau der digitalen Infrastruktur<\/li><li>Vorteile des Wirtschaftraums Halle &#8211; Leipzig &#8211; Jena nutzen<\/li><li>F\u00f6rderung regionaler Produkte<\/li><li>Erarbeitung eines Konzeptes f\u00fcr ein CO<sub>2<\/sub>-Budget entsprechend des Pariser Klimaschutzabkommens, um zuk\u00fcnftige Strafzahlungen zu vermeiden<\/li><\/ul>\n","protected":false},"excerpt":{"rendered":"<p>Alle unsere Wirtschaftszweige h\u00e4ngen direkt von den Ressourcen unserer Umwelt ab. Um unsere Wirtschaftsgrundlage zu erhalten und zus\u00e4tzlich noch Wachstum zu erzeugen, m\u00fcssen wir mit unseren Ressourcen vern\u00fcnftig umgehen. Umweltschutz ist somit ein zwingend notwendiger Teil einer nachhaltigen Wachstumsstrategie. Sicherung der Wirtschaftsgrundlage unserer angesiedelten Wirtschaftszweige (Nahrungs- und Futtermittel, Chemie, Metall, [&hellip;]<\/p>\n","protected":false},"author":2,"featured_media":0,"parent":13,"menu_order":0,"comment_status":"closed","ping_status":"closed","template":"","meta":{"footnotes":""},"class_list":["post-132","page","type-page","status-publish","hentry"],"_links":{"self":[{"href":"https:\/\/gunter-walther.de\/index.php\/wp-json\/wp\/v2\/pages\/132","targetHints":{"allow":["GET"]}}],"collection":[{"href":"https:\/\/gunter-walther.de\/index.php\/wp-json\/wp\/v2\/pages"}],"about":[{"href":"https:\/\/gunter-walther.de\/index.php\/wp-json\/wp\/v2\/types\/page"}],"author":[{"embeddable":true,"href":"https:\/\/gunter-walther.de\/index.php\/wp-json\/wp\/v2\/users\/2"}],"replies":[{"embeddable":true,"href":"https:\/\/gunter-walther.de\/index.php\/wp-json\/wp\/v2\/comments?post=132"}],"version-history":[{"count":11,"href":"https:\/\/gunter-walther.de\/index.php\/wp-json\/wp\/v2\/pages\/132\/revisions"}],"predecessor-version":[{"id":410,"href":"https:\/\/gunter-walther.de\/index.php\/wp-json\/wp\/v2\/pages\/132\/revisions\/410"}],"up":[{"embeddable":true,"href":"https:\/\/gunter-walther.de\/index.php\/wp-json\/wp\/v2\/pages\/13"}],"wp:attachment":[{"href":"https:\/\/gunter-walther.de\/index.php\/wp-json\/wp\/v2\/media?parent=132"}],"curies":[{"name":"wp","href":"https:\/\/api.w.org\/{rel}","templated":true}]}}